{"id":9859,"date":"2024-01-09T18:33:37","date_gmt":"2024-01-09T18:33:37","guid":{"rendered":"https:\/\/financial247.co.uk\/?page_id=9859"},"modified":"2024-01-11T15:05:29","modified_gmt":"2024-01-11T15:05:29","slug":"mavconstruction","status":"publish","type":"page","link":"https:\/\/financial247.co.uk\/ro\/services\/mavconstruction\/","title":{"rendered":"New Contractor\/Employee Registration &#8211; MAV CONSTRUCTION"},"content":{"rendered":"<div data-elementor-type=\"wp-page\" data-elementor-id=\"9859\" class=\"elementor elementor-9859\">\n\t\t\t\t\t\t\t\t\t<section class=\"elementor-section elementor-top-section elementor-element elementor-element-1e9485f8 elementor-section-boxed elementor-section-height-default elementor-section-height-default\" data-id=\"1e9485f8\" data-element_type=\"section\" data-settings=\"{&quot;background_background&quot;:&quot;classic&quot;}\">\n\t\t\t\t\t\t\t<div class=\"elementor-background-overlay\"><\/div>\n\t\t\t\t\t\t\t<div class=\"elementor-container elementor-column-gap-no\">\n\t\t\t\t\t<div class=\"elementor-column elementor-col-100 elementor-top-column elementor-element elementor-element-223ce3bc\" data-id=\"223ce3bc\" data-element_type=\"column\">\n\t\t\t<div class=\"elementor-widget-wrap elementor-element-populated\">\n\t\t\t\t\t\t\t\t<div class=\"elementor-element elementor-element-54eea12 elementor-invisible elementor-widget elementor-widget-image\" data-id=\"54eea12\" data-element_type=\"widget\" data-settings=\"{&quot;_animation&quot;:&quot;bounceInUp&quot;}\" data-widget_type=\"image.default\">\n\t\t\t\t<div class=\"elementor-widget-container\">\n\t\t\t<style>\/*! elementor - v3.13.2 - 11-05-2023 *\/\n.elementor-widget-image{text-align:center}.elementor-widget-image a{display:inline-block}.elementor-widget-image a img[src$=\".svg\"]{width:48px}.elementor-widget-image img{vertical-align:middle;display:inline-block}<\/style>\t\t\t\t\t\t\t\t\t\t\t\t<img width=\"768\" height=\"384\" src=\"https:\/\/financial247.co.uk\/wp-content\/uploads\/2024\/01\/Untitled-design-2024-01-09T185415.199-768x384.png\" class=\"attachment-medium_large size-medium_large wp-image-9864\" alt=\"\" decoding=\"async\" loading=\"lazy\" srcset=\"https:\/\/financial247.co.uk\/wp-content\/uploads\/2024\/01\/Untitled-design-2024-01-09T185415.199-768x384.png 768w, https:\/\/financial247.co.uk\/wp-content\/uploads\/2024\/01\/Untitled-design-2024-01-09T185415.199-300x150.png 300w, https:\/\/financial247.co.uk\/wp-content\/uploads\/2024\/01\/Untitled-design-2024-01-09T185415.199-1024x512.png 1024w, https:\/\/financial247.co.uk\/wp-content\/uploads\/2024\/01\/Untitled-design-2024-01-09T185415.199-1536x768.png 1536w, https:\/\/financial247.co.uk\/wp-content\/uploads\/2024\/01\/Untitled-design-2024-01-09T185415.199-2048x1024.png 2048w, https:\/\/financial247.co.uk\/wp-content\/uploads\/2024\/01\/Untitled-design-2024-01-09T185415.199-18x9.png 18w\" sizes=\"(max-width: 768px) 100vw, 768px\" \/>\t\t\t\t\t\t\t\t\t\t\t\t\t\t\t<\/div>\n\t\t\t\t<\/div>\n\t\t\t\t<div class=\"elementor-element elementor-element-42505e95 elementor-widget elementor-widget-jkit_heading\" data-id=\"42505e95\" data-element_type=\"widget\" data-widget_type=\"jkit_heading.default\">\n\t\t\t\t<div class=\"elementor-widget-container\">\n\t\t\t<div  class=\"jeg-elementor-kit jkit-heading  align-center align-tablet-center align-mobile-center jeg_module___69e065a8154f5\" ><div class=\"heading-section-title  display-inline-block\"><h2 class=\"heading-title\"><span class=\"style-gradient\"><span> \u00cenregistrarea noului contractant\/angajat<\/span><\/span><\/h2><\/div><\/div>\t\t<\/div>\n\t\t\t\t<\/div>\n\t\t\t\t<div class=\"elementor-element elementor-element-709209d elementor-widget elementor-widget-text-editor\" data-id=\"709209d\" data-element_type=\"widget\" data-widget_type=\"text-editor.default\">\n\t\t\t\t<div class=\"elementor-widget-container\">\n\t\t\t<style>\/*! elementor - v3.13.2 - 11-05-2023 *\/\n.elementor-widget-text-editor.elementor-drop-cap-view-stacked .elementor-drop-cap{background-color:#69727d;color:#fff}.elementor-widget-text-editor.elementor-drop-cap-view-framed .elementor-drop-cap{color:#69727d;border:3px solid;background-color:transparent}.elementor-widget-text-editor:not(.elementor-drop-cap-view-default) .elementor-drop-cap{margin-top:8px}.elementor-widget-text-editor:not(.elementor-drop-cap-view-default) .elementor-drop-cap-letter{width:1em;height:1em}.elementor-widget-text-editor .elementor-drop-cap{float:left;text-align:center;line-height:1;font-size:50px}.elementor-widget-text-editor .elementor-drop-cap-letter{display:inline-block}<\/style>\t\t\t\t<p>V\u0103 rug\u0103m s\u0103 furniza\u021bi mai jos informa\u021biile \u0219i documentele necesare. Prin completarea acestui formular, recunoa\u0219te\u021bi c\u0103 noi, \u00een calitate de furnizor de servicii contabile de \u00eencredere, colect\u0103m aceste informa\u021bii \u00een numele angajatorului\/clientului dumneavoastr\u0103. Detaliile dvs. vor fi procesate \u00een siguran\u021b\u0103 \u0219i utilizate exclusiv \u00een scopul facilit\u0103rii angaj\u0103rii\/angaj\u0103rii dvs. contractuale cu compania respectiv\u0103.<\/p>\t\t\t\t\t\t<\/div>\n\t\t\t\t<\/div>\n\t\t\t\t<div class=\"elementor-element elementor-element-fe1a6c4 elementor-widget elementor-widget-html\" data-id=\"fe1a6c4\" data-element_type=\"widget\" data-widget_type=\"html.default\">\n\t\t\t\t<div class=\"elementor-widget-container\">\n\t\t\t<script src=\"https:\/\/www.cognitoforms.com\/f\/seamless.js\" data-key=\"eITG45rBs0ewhrf1wKWF6w\" data-form=\"43\"><\/script>\t\t<\/div>\n\t\t\t\t<\/div>\n\t\t\t\t\t<\/div>\n\t\t<\/div>\n\t\t\t\t\t\t\t<\/div>\n\t\t<\/section>\n\t\t\t\t<section class=\"elementor-section elementor-top-section elementor-element elementor-element-601692dd elementor-section-boxed elementor-section-height-default elementor-section-height-default\" data-id=\"601692dd\" data-element_type=\"section\" data-settings=\"{&quot;background_background&quot;:&quot;classic&quot;}\">\n\t\t\t\t\t\t<div class=\"elementor-container elementor-column-gap-no\">\n\t\t\t\t\t<div class=\"elementor-column elementor-col-100 elementor-top-column elementor-element elementor-element-da97486\" data-id=\"da97486\" data-element_type=\"column\">\n\t\t\t<div class=\"elementor-widget-wrap elementor-element-populated\">\n\t\t\t\t\t\t\t\t<div class=\"elementor-element elementor-element-26efea19 elementor-widget elementor-widget-text-editor\" data-id=\"26efea19\" data-element_type=\"widget\" data-widget_type=\"text-editor.default\">\n\t\t\t\t<div class=\"elementor-widget-container\">\n\t\t\t\t\t\t\t\t\t\t\t\t\t<\/div>\n\t\t\t\t<\/div>\n\t\t\t\t\t<\/div>\n\t\t<\/div>\n\t\t\t\t\t\t\t<\/div>\n\t\t<\/section>\n\t\t\t\t\t\t\t<\/div>","protected":false},"excerpt":{"rendered":"<p>New Contractor\/Employee Registration Please provide your information and necessary documents below. By completing this form, you acknowledge that we, as a trusted accounting service provider, are collecting this information on behalf of your employer\/client. Your details will be securely processed and used solely for the purpose of facilitating your employment\/contractual engagement with their company.<\/p>","protected":false},"author":1,"featured_media":8097,"parent":8165,"menu_order":0,"comment_status":"closed","ping_status":"closed","template":"elementor_header_footer","meta":[],"yoast_head":"<!-- This site is optimized with the Yoast SEO plugin v20.7 - https:\/\/yoast.com\/wordpress\/plugins\/seo\/ -->\n<title>New Contractor\/Employee Registration - MAV CONSTRUCTION - Financial247.co.uk<\/title>\n<meta name=\"robots\" content=\"index, follow, max-snippet:-1, max-image-preview:large, max-video-preview:-1\" \/>\n<link rel=\"canonical\" href=\"https:\/\/financial247.co.uk\/ro\/services\/mavconstruction\/\" \/>\n<meta property=\"og:locale\" content=\"ro_RO\" \/>\n<meta property=\"og:type\" content=\"article\" \/>\n<meta property=\"og:title\" content=\"New Contractor\/Employee Registration - MAV CONSTRUCTION - Financial247.co.uk\" \/>\n<meta property=\"og:description\" content=\"New Contractor\/Employee Registration Please provide your information and necessary documents below. By completing this form, you acknowledge that we, as a trusted accounting service provider, are collecting this information on behalf of your employer\/client. Your details will be securely processed and used solely for the purpose of facilitating your employment\/contractual engagement with their company.\" \/>\n<meta property=\"og:url\" content=\"https:\/\/financial247.co.uk\/ro\/services\/mavconstruction\/\" \/>\n<meta property=\"og:site_name\" content=\"Financial247.co.uk\" \/>\n<meta property=\"article:publisher\" content=\"https:\/\/www.facebook.com\/247financeadvice\" \/>\n<meta property=\"article:modified_time\" content=\"2024-01-11T15:05:29+00:00\" \/>\n<meta property=\"og:image\" content=\"https:\/\/financial247.co.uk\/wp-content\/uploads\/2022\/12\/group-happy-young-business-people-celebrating-success.jpg\" \/>\n\t<meta property=\"og:image:width\" content=\"1000\" \/>\n\t<meta property=\"og:image:height\" content=\"667\" \/>\n\t<meta property=\"og:image:type\" content=\"image\/jpeg\" \/>\n<meta name=\"twitter:card\" content=\"summary_large_image\" \/>\n<meta name=\"twitter:label1\" content=\"Timp estimat pentru citire\" \/>\n\t<meta name=\"twitter:data1\" content=\"1 minut\" \/>\n<script type=\"application\/ld+json\" class=\"yoast-schema-graph\">{\"@context\":\"https:\/\/schema.org\",\"@graph\":[{\"@type\":\"WebPage\",\"@id\":\"https:\/\/financial247.co.uk\/services\/mavconstruction\/\",\"url\":\"https:\/\/financial247.co.uk\/services\/mavconstruction\/\",\"name\":\"New Contractor\/Employee Registration - MAV CONSTRUCTION - Financial247.co.uk\",\"isPartOf\":{\"@id\":\"https:\/\/financial247.co.uk\/#website\"},\"datePublished\":\"2024-01-09T18:33:37+00:00\",\"dateModified\":\"2024-01-11T15:05:29+00:00\",\"breadcrumb\":{\"@id\":\"https:\/\/financial247.co.uk\/services\/mavconstruction\/#breadcrumb\"},\"inLanguage\":\"ro-RO\",\"potentialAction\":[{\"@type\":\"ReadAction\",\"target\":[\"https:\/\/financial247.co.uk\/services\/mavconstruction\/\"]}]},{\"@type\":\"BreadcrumbList\",\"@id\":\"https:\/\/financial247.co.uk\/services\/mavconstruction\/#breadcrumb\",\"itemListElement\":[{\"@type\":\"ListItem\",\"position\":1,\"name\":\"Home\",\"item\":\"https:\/\/financial247.co.uk\/\"},{\"@type\":\"ListItem\",\"position\":2,\"name\":\"Services\",\"item\":\"https:\/\/financial247.co.uk\/services\/\"},{\"@type\":\"ListItem\",\"position\":3,\"name\":\"New Contractor\/Employee Registration &#8211; MAV CONSTRUCTION\"}]},{\"@type\":\"WebSite\",\"@id\":\"https:\/\/financial247.co.uk\/#website\",\"url\":\"https:\/\/financial247.co.uk\/\",\"name\":\"Financial247.co.uk\",\"description\":\"Your Virtual Finance, Tax and Advisory Services\",\"publisher\":{\"@id\":\"https:\/\/financial247.co.uk\/#organization\"},\"potentialAction\":[{\"@type\":\"SearchAction\",\"target\":{\"@type\":\"EntryPoint\",\"urlTemplate\":\"https:\/\/financial247.co.uk\/?s={search_term_string}\"},\"query-input\":\"required name=search_term_string\"}],\"inLanguage\":\"ro-RO\"},{\"@type\":\"Organization\",\"@id\":\"https:\/\/financial247.co.uk\/#organization\",\"name\":\"Financial247.co.uk\",\"url\":\"https:\/\/financial247.co.uk\/\",\"logo\":{\"@type\":\"ImageObject\",\"inLanguage\":\"ro-RO\",\"@id\":\"https:\/\/financial247.co.uk\/#\/schema\/logo\/image\/\",\"url\":\"https:\/\/financial247.co.uk\/wp-content\/uploads\/2022\/12\/financial247-logo-cropped.png\",\"contentUrl\":\"https:\/\/financial247.co.uk\/wp-content\/uploads\/2022\/12\/financial247-logo-cropped.png\",\"width\":959,\"height\":355,\"caption\":\"Financial247.co.uk\"},\"image\":{\"@id\":\"https:\/\/financial247.co.uk\/#\/schema\/logo\/image\/\"},\"sameAs\":[\"https:\/\/www.facebook.com\/247financeadvice\",\"https:\/\/www.instagram.com\/247financeadvice\/\",\"https:\/\/www.youtube.com\/channel\/UCb-CNttyOIE7mVynpQ2QO3A\"]}]}<\/script>\n<!-- \/ Yoast SEO plugin. -->","yoast_head_json":{"title":"New Contractor\/Employee Registration - MAV CONSTRUCTION - Financial247.co.uk","robots":{"index":"index","follow":"follow","max-snippet":"max-snippet:-1","max-image-preview":"max-image-preview:large","max-video-preview":"max-video-preview:-1"},"canonical":"https:\/\/financial247.co.uk\/ro\/services\/mavconstruction\/","og_locale":"ro_RO","og_type":"article","og_title":"New Contractor\/Employee Registration - MAV CONSTRUCTION - Financial247.co.uk","og_description":"New Contractor\/Employee Registration Please provide your information and necessary documents below. By completing this form, you acknowledge that we, as a trusted accounting service provider, are collecting this information on behalf of your employer\/client. Your details will be securely processed and used solely for the purpose of facilitating your employment\/contractual engagement with their company.","og_url":"https:\/\/financial247.co.uk\/ro\/services\/mavconstruction\/","og_site_name":"Financial247.co.uk","article_publisher":"https:\/\/www.facebook.com\/247financeadvice","article_modified_time":"2024-01-11T15:05:29+00:00","og_image":[{"width":1000,"height":667,"url":"https:\/\/financial247.co.uk\/wp-content\/uploads\/2022\/12\/group-happy-young-business-people-celebrating-success.jpg","type":"image\/jpeg"}],"twitter_card":"summary_large_image","twitter_misc":{"Timp estimat pentru citire":"1 minut"},"schema":{"@context":"https:\/\/schema.org","@graph":[{"@type":"WebPage","@id":"https:\/\/financial247.co.uk\/services\/mavconstruction\/","url":"https:\/\/financial247.co.uk\/services\/mavconstruction\/","name":"New Contractor\/Employee Registration - MAV CONSTRUCTION - Financial247.co.uk","isPartOf":{"@id":"https:\/\/financial247.co.uk\/#website"},"datePublished":"2024-01-09T18:33:37+00:00","dateModified":"2024-01-11T15:05:29+00:00","breadcrumb":{"@id":"https:\/\/financial247.co.uk\/services\/mavconstruction\/#breadcrumb"},"inLanguage":"ro-RO","potentialAction":[{"@type":"ReadAction","target":["https:\/\/financial247.co.uk\/services\/mavconstruction\/"]}]},{"@type":"BreadcrumbList","@id":"https:\/\/financial247.co.uk\/services\/mavconstruction\/#breadcrumb","itemListElement":[{"@type":"ListItem","position":1,"name":"Home","item":"https:\/\/financial247.co.uk\/"},{"@type":"ListItem","position":2,"name":"Services","item":"https:\/\/financial247.co.uk\/services\/"},{"@type":"ListItem","position":3,"name":"New Contractor\/Employee Registration &#8211; MAV CONSTRUCTION"}]},{"@type":"WebSite","@id":"https:\/\/financial247.co.uk\/#website","url":"https:\/\/financial247.co.uk\/","name":"Financial247.co.uk","description":"Your Virtual Finance, Tax and Advisory Services","publisher":{"@id":"https:\/\/financial247.co.uk\/#organization"},"potentialAction":[{"@type":"SearchAction","target":{"@type":"EntryPoint","urlTemplate":"https:\/\/financial247.co.uk\/?s={search_term_string}"},"query-input":"required name=search_term_string"}],"inLanguage":"ro-RO"},{"@type":"Organization","@id":"https:\/\/financial247.co.uk\/#organization","name":"Financial247.co.uk","url":"https:\/\/financial247.co.uk\/","logo":{"@type":"ImageObject","inLanguage":"ro-RO","@id":"https:\/\/financial247.co.uk\/#\/schema\/logo\/image\/","url":"https:\/\/financial247.co.uk\/wp-content\/uploads\/2022\/12\/financial247-logo-cropped.png","contentUrl":"https:\/\/financial247.co.uk\/wp-content\/uploads\/2022\/12\/financial247-logo-cropped.png","width":959,"height":355,"caption":"Financial247.co.uk"},"image":{"@id":"https:\/\/financial247.co.uk\/#\/schema\/logo\/image\/"},"sameAs":["https:\/\/www.facebook.com\/247financeadvice","https:\/\/www.instagram.com\/247financeadvice\/","https:\/\/www.youtube.com\/channel\/UCb-CNttyOIE7mVynpQ2QO3A"]}]}},"_links":{"self":[{"href":"https:\/\/financial247.co.uk\/ro\/wp-json\/wp\/v2\/pages\/9859"}],"collection":[{"href":"https:\/\/financial247.co.uk\/ro\/wp-json\/wp\/v2\/pages"}],"about":[{"href":"https:\/\/financial247.co.uk\/ro\/wp-json\/wp\/v2\/types\/page"}],"author":[{"embeddable":true,"href":"https:\/\/financial247.co.uk\/ro\/wp-json\/wp\/v2\/users\/1"}],"replies":[{"embeddable":true,"href":"https:\/\/financial247.co.uk\/ro\/wp-json\/wp\/v2\/comments?post=9859"}],"version-history":[{"count":10,"href":"https:\/\/financial247.co.uk\/ro\/wp-json\/wp\/v2\/pages\/9859\/revisions"}],"predecessor-version":[{"id":9871,"href":"https:\/\/financial247.co.uk\/ro\/wp-json\/wp\/v2\/pages\/9859\/revisions\/9871"}],"up":[{"embeddable":true,"href":"https:\/\/financial247.co.uk\/ro\/wp-json\/wp\/v2\/pages\/8165"}],"wp:featuredmedia":[{"embeddable":true,"href":"https:\/\/financial247.co.uk\/ro\/wp-json\/wp\/v2\/media\/8097"}],"wp:attachment":[{"href":"https:\/\/financial247.co.uk\/ro\/wp-json\/wp\/v2\/media?parent=9859"}],"curies":[{"name":"wp","href":"https:\/\/api.w.org\/{rel}","templated":true}]}}