{"id":9232,"date":"2023-06-22T02:04:48","date_gmt":"2023-06-22T02:04:48","guid":{"rendered":"https:\/\/financial247.co.uk\/?page_id=9232"},"modified":"2023-06-22T02:06:18","modified_gmt":"2023-06-22T02:06:18","slug":"one-time-accounting-services-application-form","status":"publish","type":"page","link":"https:\/\/financial247.co.uk\/ro\/services\/one-time-accounting-services-application-form\/","title":{"rendered":"One-Time Accounting Services Application Form"},"content":{"rendered":"<div data-elementor-type=\"wp-page\" data-elementor-id=\"9232\" class=\"elementor elementor-9232\">\n\t\t\t\t\t\t\t\t\t<section class=\"elementor-section elementor-top-section elementor-element elementor-element-1e9485f8 elementor-section-boxed elementor-section-height-default elementor-section-height-default\" data-id=\"1e9485f8\" data-element_type=\"section\" data-settings=\"{&quot;background_background&quot;:&quot;classic&quot;}\">\n\t\t\t\t\t\t\t<div class=\"elementor-background-overlay\"><\/div>\n\t\t\t\t\t\t\t<div class=\"elementor-container elementor-column-gap-no\">\n\t\t\t\t\t<div class=\"elementor-column elementor-col-100 elementor-top-column elementor-element elementor-element-223ce3bc\" data-id=\"223ce3bc\" data-element_type=\"column\">\n\t\t\t<div class=\"elementor-widget-wrap elementor-element-populated\">\n\t\t\t\t\t\t\t\t<div class=\"elementor-element elementor-element-42505e95 elementor-widget elementor-widget-jkit_heading\" data-id=\"42505e95\" data-element_type=\"widget\" data-widget_type=\"jkit_heading.default\">\n\t\t\t\t<div class=\"elementor-widget-container\">\n\t\t\t<div  class=\"jeg-elementor-kit jkit-heading  align-center align-tablet-center align-mobile-center jeg_module___69f5e30cc0c56\" ><div class=\"heading-section-title  display-inline-block\"><h2 class=\"heading-title\">Servicii contabile unice <span class=\"style-gradient\"><span>Formular de cerere<\/span><\/span><\/h2><\/div><\/div>\t\t<\/div>\n\t\t\t\t<\/div>\n\t\t\t\t<div class=\"elementor-element elementor-element-709209d elementor-widget elementor-widget-text-editor\" data-id=\"709209d\" data-element_type=\"widget\" data-widget_type=\"text-editor.default\">\n\t\t\t\t<div class=\"elementor-widget-container\">\n\t\t\t<style>\/*! elementor - v3.13.2 - 11-05-2023 *\/\n.elementor-widget-text-editor.elementor-drop-cap-view-stacked .elementor-drop-cap{background-color:#69727d;color:#fff}.elementor-widget-text-editor.elementor-drop-cap-view-framed .elementor-drop-cap{color:#69727d;border:3px solid;background-color:transparent}.elementor-widget-text-editor:not(.elementor-drop-cap-view-default) .elementor-drop-cap{margin-top:8px}.elementor-widget-text-editor:not(.elementor-drop-cap-view-default) .elementor-drop-cap-letter{width:1em;height:1em}.elementor-widget-text-editor .elementor-drop-cap{float:left;text-align:center;line-height:1;font-size:50px}.elementor-widget-text-editor .elementor-drop-cap-letter{display:inline-block}<\/style>\t\t\t\t<p>Ve\u0219ti bune, sunte\u021bi la doar c\u00e2teva clicuri distan\u021b\u0103 de a preda sarcinile de raportare financiar\u0103 echipei noastre de exper\u021bi.<\/p><p>astfel \u00eenc\u00e2t s\u0103 v\u0103 pute\u021bi concentra pe ceea ce este mai important - s\u0103 v\u0103 dezvolta\u021bi afacerea!<\/p>\t\t\t\t\t\t<\/div>\n\t\t\t\t<\/div>\n\t\t\t\t<div class=\"elementor-element elementor-element-849bc3d elementor-widget__width-auto elementor-widget elementor-widget-jkit_button\" data-id=\"849bc3d\" data-element_type=\"widget\" data-widget_type=\"jkit_button.default\">\n\t\t\t\t<div class=\"elementor-widget-container\">\n\t\t\t<div  class=\"jeg-elementor-kit jkit-button  icon-position-before jeg_module__1_69f5e30cc4f0d\" ><a href=\"https:\/\/wa.me\/message\/EFU7U3PP5NWNI1\"  class=\"jkit-button-wrapper\"  target=\"_blank\"  ><i aria-hidden=\"true\" class=\"jki jki-whatsapp-2-light\"><\/i>Whatsapp<\/a><\/div>\t\t<\/div>\n\t\t\t\t<\/div>\n\t\t\t\t<div class=\"elementor-element elementor-element-1199b8e elementor-widget__width-auto elementor-widget elementor-widget-jkit_button\" data-id=\"1199b8e\" data-element_type=\"widget\" data-widget_type=\"jkit_button.default\">\n\t\t\t\t<div class=\"elementor-widget-container\">\n\t\t\t<div  class=\"jeg-elementor-kit jkit-button  icon-position-before jeg_module__2_69f5e30cc778c\" ><a href=\"https:\/\/calendly.com\/financial247\/freeconsultation\"  class=\"jkit-button-wrapper\"  target=\"_blank\"  ><i aria-hidden=\"true\" class=\"fab fa-wpforms\"><\/i>Programeaz\u0103 o consulta\u021bie gratis<\/a><\/div>\t\t<\/div>\n\t\t\t\t<\/div>\n\t\t\t\t<div class=\"elementor-element elementor-element-dedddf2 elementor-widget__width-auto elementor-widget elementor-widget-jkit_button\" data-id=\"dedddf2\" data-element_type=\"widget\" data-widget_type=\"jkit_button.default\">\n\t\t\t\t<div class=\"elementor-widget-container\">\n\t\t\t<div  class=\"jeg-elementor-kit jkit-button  icon-position-before jeg_module__3_69f5e30cc81a9\" ><a href=\"tel:02080951000\"  class=\"jkit-button-wrapper\"  target=\"_blank\"  ><i aria-hidden=\"true\" class=\"jki jki-phone-call1-light\"><\/i>Sun\u0103-ne<\/a><\/div>\t\t<\/div>\n\t\t\t\t<\/div>\n\t\t\t\t\t<\/div>\n\t\t<\/div>\n\t\t\t\t\t\t\t<\/div>\n\t\t<\/section>\n\t\t\t\t<section class=\"elementor-section elementor-top-section elementor-element elementor-element-601692dd elementor-section-boxed elementor-section-height-default elementor-section-height-default\" data-id=\"601692dd\" data-element_type=\"section\" data-settings=\"{&quot;background_background&quot;:&quot;classic&quot;}\">\n\t\t\t\t\t\t<div class=\"elementor-container elementor-column-gap-no\">\n\t\t\t\t\t<div class=\"elementor-column elementor-col-100 elementor-top-column elementor-element elementor-element-da97486\" data-id=\"da97486\" data-element_type=\"column\">\n\t\t\t<div class=\"elementor-widget-wrap elementor-element-populated\">\n\t\t\t\t\t\t\t\t<div class=\"elementor-element elementor-element-26efea19 elementor-widget elementor-widget-text-editor\" data-id=\"26efea19\" data-element_type=\"widget\" data-widget_type=\"text-editor.default\">\n\t\t\t\t<div class=\"elementor-widget-container\">\n\t\t\t\t\t\t\t\t\t\t\t\t\t<\/div>\n\t\t\t\t<\/div>\n\t\t\t\t<div class=\"elementor-element elementor-element-6c95b5b elementor-headline--style-highlight elementor-widget elementor-widget-animated-headline\" data-id=\"6c95b5b\" data-element_type=\"widget\" data-settings=\"{&quot;marker&quot;:&quot;underline_zigzag&quot;,&quot;highlighted_text&quot;:&quot;Apply &lt;span class=\\&quot;highlight-grad\\&quot;&gt;Now&lt;\\\/span&gt;&quot;,&quot;headline_style&quot;:&quot;highlight&quot;,&quot;loop&quot;:&quot;yes&quot;,&quot;highlight_animation_duration&quot;:1200,&quot;highlight_iteration_delay&quot;:8000}\" data-widget_type=\"animated-headline.default\">\n\t\t\t\t<div class=\"elementor-widget-container\">\n\t\t\t<link rel=\"stylesheet\" href=\"https:\/\/financial247.co.uk\/wp-content\/plugins\/elementor-pro\/assets\/css\/widget-animated-headline.min.css\">\t\t<h3 class=\"elementor-headline\">\n\t\t\t\t<span class=\"elementor-headline-dynamic-wrapper elementor-headline-text-wrapper\">\n\t\t\t\t\t<span class=\"elementor-headline-dynamic-text elementor-headline-text-active\">Aplic\u0103 <span class=\"highlight-grad\">Acum<\/span><\/span>\n\t\t\t\t<\/span>\n\t\t\t\t<\/h3>\n\t\t\t\t<\/div>\n\t\t\t\t<\/div>\n\t\t\t\t<div class=\"elementor-element elementor-element-dbfb9a0 exclude-translations elementor-widget elementor-widget-html\" data-id=\"dbfb9a0\" data-element_type=\"widget\" data-widget_type=\"html.default\" data-no-translation=\"\">\n\t\t\t\t<div class=\"elementor-widget-container\">\n\t\t\t<script src=\"https:\/\/www.cognitoforms.com\/f\/seamless.js\" data-key=\"eITG45rBs0ewhrf1wKWF6w\" data-form=\"38\"><\/script>\t\t<\/div>\n\t\t\t\t<\/div>\n\t\t\t\t\t<\/div>\n\t\t<\/div>\n\t\t\t\t\t\t\t<\/div>\n\t\t<\/section>\n\t\t\t\t\t\t\t<\/div>","protected":false},"excerpt":{"rendered":"<p>One-Time Accounting Services Application Form Great news, you are only a few clicks away from handing over your financial reporting duties to our team of experts so that you can focus on what&#8217;s more important &#8211; growing your business! Whatsapp Us Book Free Consultation Call Us Apply Now<\/p>","protected":false},"author":1,"featured_media":8097,"parent":8165,"menu_order":0,"comment_status":"closed","ping_status":"closed","template":"elementor_header_footer","meta":[],"yoast_head":"<!-- This site is optimized with the Yoast SEO plugin v20.7 - https:\/\/yoast.com\/wordpress\/plugins\/seo\/ -->\n<title>One-Time Accounting Services Application Form - Financial247.co.uk<\/title>\n<meta name=\"robots\" content=\"index, follow, max-snippet:-1, max-image-preview:large, max-video-preview:-1\" \/>\n<link rel=\"canonical\" href=\"https:\/\/financial247.co.uk\/ro\/services\/one-time-accounting-services-application-form\/\" \/>\n<meta property=\"og:locale\" content=\"ro_RO\" \/>\n<meta property=\"og:type\" content=\"article\" \/>\n<meta property=\"og:title\" content=\"One-Time Accounting Services Application Form - Financial247.co.uk\" \/>\n<meta property=\"og:description\" content=\"One-Time Accounting Services Application Form Great news, you are only a few clicks away from handing over your financial reporting duties to our team of experts so that you can focus on what&#8217;s more important &#8211; growing your business! Whatsapp Us Book Free Consultation Call Us Apply Now\" \/>\n<meta property=\"og:url\" content=\"https:\/\/financial247.co.uk\/ro\/services\/one-time-accounting-services-application-form\/\" \/>\n<meta property=\"og:site_name\" content=\"Financial247.co.uk\" \/>\n<meta property=\"article:publisher\" content=\"https:\/\/www.facebook.com\/247financeadvice\" \/>\n<meta property=\"article:modified_time\" content=\"2023-06-22T02:06:18+00:00\" \/>\n<meta property=\"og:image\" content=\"https:\/\/financial247.co.uk\/wp-content\/uploads\/2022\/12\/group-happy-young-business-people-celebrating-success.jpg\" \/>\n\t<meta property=\"og:image:width\" content=\"1000\" \/>\n\t<meta property=\"og:image:height\" content=\"667\" \/>\n\t<meta property=\"og:image:type\" content=\"image\/jpeg\" \/>\n<meta name=\"twitter:card\" content=\"summary_large_image\" \/>\n<meta name=\"twitter:label1\" content=\"Timp estimat pentru citire\" \/>\n\t<meta name=\"twitter:data1\" content=\"1 minut\" \/>\n<script type=\"application\/ld+json\" class=\"yoast-schema-graph\">{\"@context\":\"https:\/\/schema.org\",\"@graph\":[{\"@type\":\"WebPage\",\"@id\":\"https:\/\/financial247.co.uk\/services\/one-time-accounting-services-application-form\/\",\"url\":\"https:\/\/financial247.co.uk\/services\/one-time-accounting-services-application-form\/\",\"name\":\"One-Time Accounting Services Application Form - Financial247.co.uk\",\"isPartOf\":{\"@id\":\"https:\/\/financial247.co.uk\/#website\"},\"datePublished\":\"2023-06-22T02:04:48+00:00\",\"dateModified\":\"2023-06-22T02:06:18+00:00\",\"breadcrumb\":{\"@id\":\"https:\/\/financial247.co.uk\/services\/one-time-accounting-services-application-form\/#breadcrumb\"},\"inLanguage\":\"ro-RO\",\"potentialAction\":[{\"@type\":\"ReadAction\",\"target\":[\"https:\/\/financial247.co.uk\/services\/one-time-accounting-services-application-form\/\"]}]},{\"@type\":\"BreadcrumbList\",\"@id\":\"https:\/\/financial247.co.uk\/services\/one-time-accounting-services-application-form\/#breadcrumb\",\"itemListElement\":[{\"@type\":\"ListItem\",\"position\":1,\"name\":\"Home\",\"item\":\"https:\/\/financial247.co.uk\/\"},{\"@type\":\"ListItem\",\"position\":2,\"name\":\"Services\",\"item\":\"https:\/\/financial247.co.uk\/services\/\"},{\"@type\":\"ListItem\",\"position\":3,\"name\":\"One-Time Accounting Services Application Form\"}]},{\"@type\":\"WebSite\",\"@id\":\"https:\/\/financial247.co.uk\/#website\",\"url\":\"https:\/\/financial247.co.uk\/\",\"name\":\"Financial247.co.uk\",\"description\":\"Your Virtual Finance, Tax and Advisory Services\",\"publisher\":{\"@id\":\"https:\/\/financial247.co.uk\/#organization\"},\"potentialAction\":[{\"@type\":\"SearchAction\",\"target\":{\"@type\":\"EntryPoint\",\"urlTemplate\":\"https:\/\/financial247.co.uk\/?s={search_term_string}\"},\"query-input\":\"required name=search_term_string\"}],\"inLanguage\":\"ro-RO\"},{\"@type\":\"Organization\",\"@id\":\"https:\/\/financial247.co.uk\/#organization\",\"name\":\"Financial247.co.uk\",\"url\":\"https:\/\/financial247.co.uk\/\",\"logo\":{\"@type\":\"ImageObject\",\"inLanguage\":\"ro-RO\",\"@id\":\"https:\/\/financial247.co.uk\/#\/schema\/logo\/image\/\",\"url\":\"https:\/\/financial247.co.uk\/wp-content\/uploads\/2022\/12\/financial247-logo-cropped.png\",\"contentUrl\":\"https:\/\/financial247.co.uk\/wp-content\/uploads\/2022\/12\/financial247-logo-cropped.png\",\"width\":959,\"height\":355,\"caption\":\"Financial247.co.uk\"},\"image\":{\"@id\":\"https:\/\/financial247.co.uk\/#\/schema\/logo\/image\/\"},\"sameAs\":[\"https:\/\/www.facebook.com\/247financeadvice\",\"https:\/\/www.instagram.com\/247financeadvice\/\",\"https:\/\/www.youtube.com\/channel\/UCb-CNttyOIE7mVynpQ2QO3A\"]}]}<\/script>\n<!-- \/ Yoast SEO plugin. -->","yoast_head_json":{"title":"One-Time Accounting Services Application Form - Financial247.co.uk","robots":{"index":"index","follow":"follow","max-snippet":"max-snippet:-1","max-image-preview":"max-image-preview:large","max-video-preview":"max-video-preview:-1"},"canonical":"https:\/\/financial247.co.uk\/ro\/services\/one-time-accounting-services-application-form\/","og_locale":"ro_RO","og_type":"article","og_title":"One-Time Accounting Services Application Form - Financial247.co.uk","og_description":"One-Time Accounting Services Application Form Great news, you are only a few clicks away from handing over your financial reporting duties to our team of experts so that you can focus on what&#8217;s more important &#8211; growing your business! Whatsapp Us Book Free Consultation Call Us Apply Now","og_url":"https:\/\/financial247.co.uk\/ro\/services\/one-time-accounting-services-application-form\/","og_site_name":"Financial247.co.uk","article_publisher":"https:\/\/www.facebook.com\/247financeadvice","article_modified_time":"2023-06-22T02:06:18+00:00","og_image":[{"width":1000,"height":667,"url":"https:\/\/financial247.co.uk\/wp-content\/uploads\/2022\/12\/group-happy-young-business-people-celebrating-success.jpg","type":"image\/jpeg"}],"twitter_card":"summary_large_image","twitter_misc":{"Timp estimat pentru citire":"1 minut"},"schema":{"@context":"https:\/\/schema.org","@graph":[{"@type":"WebPage","@id":"https:\/\/financial247.co.uk\/services\/one-time-accounting-services-application-form\/","url":"https:\/\/financial247.co.uk\/services\/one-time-accounting-services-application-form\/","name":"One-Time Accounting Services Application Form - Financial247.co.uk","isPartOf":{"@id":"https:\/\/financial247.co.uk\/#website"},"datePublished":"2023-06-22T02:04:48+00:00","dateModified":"2023-06-22T02:06:18+00:00","breadcrumb":{"@id":"https:\/\/financial247.co.uk\/services\/one-time-accounting-services-application-form\/#breadcrumb"},"inLanguage":"ro-RO","potentialAction":[{"@type":"ReadAction","target":["https:\/\/financial247.co.uk\/services\/one-time-accounting-services-application-form\/"]}]},{"@type":"BreadcrumbList","@id":"https:\/\/financial247.co.uk\/services\/one-time-accounting-services-application-form\/#breadcrumb","itemListElement":[{"@type":"ListItem","position":1,"name":"Home","item":"https:\/\/financial247.co.uk\/"},{"@type":"ListItem","position":2,"name":"Services","item":"https:\/\/financial247.co.uk\/services\/"},{"@type":"ListItem","position":3,"name":"One-Time Accounting Services Application Form"}]},{"@type":"WebSite","@id":"https:\/\/financial247.co.uk\/#website","url":"https:\/\/financial247.co.uk\/","name":"Financial247.co.uk","description":"Your Virtual Finance, Tax and Advisory Services","publisher":{"@id":"https:\/\/financial247.co.uk\/#organization"},"potentialAction":[{"@type":"SearchAction","target":{"@type":"EntryPoint","urlTemplate":"https:\/\/financial247.co.uk\/?s={search_term_string}"},"query-input":"required name=search_term_string"}],"inLanguage":"ro-RO"},{"@type":"Organization","@id":"https:\/\/financial247.co.uk\/#organization","name":"Financial247.co.uk","url":"https:\/\/financial247.co.uk\/","logo":{"@type":"ImageObject","inLanguage":"ro-RO","@id":"https:\/\/financial247.co.uk\/#\/schema\/logo\/image\/","url":"https:\/\/financial247.co.uk\/wp-content\/uploads\/2022\/12\/financial247-logo-cropped.png","contentUrl":"https:\/\/financial247.co.uk\/wp-content\/uploads\/2022\/12\/financial247-logo-cropped.png","width":959,"height":355,"caption":"Financial247.co.uk"},"image":{"@id":"https:\/\/financial247.co.uk\/#\/schema\/logo\/image\/"},"sameAs":["https:\/\/www.facebook.com\/247financeadvice","https:\/\/www.instagram.com\/247financeadvice\/","https:\/\/www.youtube.com\/channel\/UCb-CNttyOIE7mVynpQ2QO3A"]}]}},"_links":{"self":[{"href":"https:\/\/financial247.co.uk\/ro\/wp-json\/wp\/v2\/pages\/9232"}],"collection":[{"href":"https:\/\/financial247.co.uk\/ro\/wp-json\/wp\/v2\/pages"}],"about":[{"href":"https:\/\/financial247.co.uk\/ro\/wp-json\/wp\/v2\/types\/page"}],"author":[{"embeddable":true,"href":"https:\/\/financial247.co.uk\/ro\/wp-json\/wp\/v2\/users\/1"}],"replies":[{"embeddable":true,"href":"https:\/\/financial247.co.uk\/ro\/wp-json\/wp\/v2\/comments?post=9232"}],"version-history":[{"count":4,"href":"https:\/\/financial247.co.uk\/ro\/wp-json\/wp\/v2\/pages\/9232\/revisions"}],"predecessor-version":[{"id":9236,"href":"https:\/\/financial247.co.uk\/ro\/wp-json\/wp\/v2\/pages\/9232\/revisions\/9236"}],"up":[{"embeddable":true,"href":"https:\/\/financial247.co.uk\/ro\/wp-json\/wp\/v2\/pages\/8165"}],"wp:featuredmedia":[{"embeddable":true,"href":"https:\/\/financial247.co.uk\/ro\/wp-json\/wp\/v2\/media\/8097"}],"wp:attachment":[{"href":"https:\/\/financial247.co.uk\/ro\/wp-json\/wp\/v2\/media?parent=9232"}],"curies":[{"name":"wp","href":"https:\/\/api.w.org\/{rel}","templated":true}]}}