{"id":8165,"date":"2022-12-10T21:39:46","date_gmt":"2022-12-10T21:39:46","guid":{"rendered":"https:\/\/financial247.co.uk\/?page_id=8165"},"modified":"2022-12-15T17:28:43","modified_gmt":"2022-12-15T17:28:43","slug":"services","status":"publish","type":"page","link":"https:\/\/financial247.co.uk\/ro\/services\/","title":{"rendered":"Servicii"},"content":{"rendered":"<div data-elementor-type=\"wp-page\" data-elementor-id=\"8165\" class=\"elementor elementor-8165\">\n\t\t\t\t\t\t\t\t\t<section class=\"elementor-section elementor-top-section elementor-element elementor-element-802c968 elementor-section-boxed elementor-section-height-default elementor-section-height-default\" data-id=\"802c968\" data-element_type=\"section\" data-settings=\"{&quot;background_background&quot;:&quot;classic&quot;}\">\n\t\t\t\t\t\t\t<div class=\"elementor-background-overlay\"><\/div>\n\t\t\t\t\t\t\t<div class=\"elementor-container elementor-column-gap-no\">\n\t\t\t\t\t<div class=\"elementor-column elementor-col-100 elementor-top-column elementor-element elementor-element-79e84f7\" data-id=\"79e84f7\" data-element_type=\"column\">\n\t\t\t<div class=\"elementor-widget-wrap elementor-element-populated\">\n\t\t\t\t\t\t\t\t<div class=\"elementor-element elementor-element-752dd91 elementor-widget elementor-widget-jkit_heading\" data-id=\"752dd91\" data-element_type=\"widget\" data-no-translation=\"\" data-widget_type=\"jkit_heading.default\">\n\t\t\t\t<div class=\"elementor-widget-container\">\n\t\t\t<style>.elementor-element-752dd91{display:none !important}<\/style>\t\t<\/div>\n\t\t\t\t<\/div>\n\t\t\t\t<div class=\"elementor-element elementor-element-e3c787d elementor-widget elementor-widget-jkit_heading\" data-id=\"e3c787d\" data-element_type=\"widget\" data-no-translation=\"\" data-widget_type=\"jkit_heading.default\">\n\t\t\t\t<div class=\"elementor-widget-container\">\n\t\t\t<div  class=\"jeg-elementor-kit jkit-heading  align-center align-tablet-center align-mobile-center jeg_module__1_69e1067f6af96\" ><div class=\"heading-section-title  display-inline-block\"><h2 class=\"heading-title\"><span class=\"style-gradient\"><span>Servicii<\/span><\/span><\/h2><\/div><\/div>\t\t<\/div>\n\t\t\t\t<\/div>\n\t\t\t\t<div class=\"elementor-element elementor-element-c150c79 elementor-widget elementor-widget-text-editor\" data-id=\"c150c79\" data-element_type=\"widget\" data-widget_type=\"text-editor.default\">\n\t\t\t\t<div class=\"elementor-widget-container\">\n\t\t\t<style>\/*! elementor - v3.13.2 - 11-05-2023 *\/\n.elementor-widget-text-editor.elementor-drop-cap-view-stacked .elementor-drop-cap{background-color:#69727d;color:#fff}.elementor-widget-text-editor.elementor-drop-cap-view-framed .elementor-drop-cap{color:#69727d;border:3px solid;background-color:transparent}.elementor-widget-text-editor:not(.elementor-drop-cap-view-default) .elementor-drop-cap{margin-top:8px}.elementor-widget-text-editor:not(.elementor-drop-cap-view-default) .elementor-drop-cap-letter{width:1em;height:1em}.elementor-widget-text-editor .elementor-drop-cap{float:left;text-align:center;line-height:1;font-size:50px}.elementor-widget-text-editor .elementor-drop-cap-letter{display:inline-block}<\/style>\t\t\t\t<p>Explora\u021bi \u00eentreaga noastr\u0103 gam\u0103 de servicii.<\/p>\t\t\t\t\t\t<\/div>\n\t\t\t\t<\/div>\n\t\t\t\t\t<\/div>\n\t\t<\/div>\n\t\t\t\t\t\t\t<\/div>\n\t\t<\/section>\n\t\t\t\t<section class=\"elementor-section elementor-top-section elementor-element elementor-element-367d806 elementor-section-boxed elementor-section-height-default elementor-section-height-default\" data-id=\"367d806\" data-element_type=\"section\" data-settings=\"{&quot;background_background&quot;:&quot;classic&quot;}\">\n\t\t\t\t\t\t<div class=\"elementor-container elementor-column-gap-no\">\n\t\t\t\t\t<div class=\"elementor-column elementor-col-100 elementor-top-column elementor-element elementor-element-0fc47a6\" data-id=\"0fc47a6\" data-element_type=\"column\">\n\t\t\t<div class=\"elementor-widget-wrap elementor-element-populated\">\n\t\t\t\t\t\t\t\t<div class=\"elementor-element elementor-element-ddec5b2 elementor-widget elementor-widget-jkit_post_block\" data-id=\"ddec5b2\" data-element_type=\"widget\" data-widget_type=\"jkit_post_block.default\">\n\t\t\t\t<div class=\"elementor-widget-container\">\n\t\t\t<div  class=\"jeg-elementor-kit jkit-postblock postblock-type-3 jkit-pagination-disable post-element jeg_module__2_69e1067f73b98\"  data-id=\"jeg_module__2_69e1067f73b98\" data-settings=\"{&quot;post_type&quot;:&quot;page&quot;,&quot;number_post&quot;:{&quot;unit&quot;:&quot;px&quot;,&quot;size&quot;:6,&quot;sizes&quot;:[]},&quot;post_offset&quot;:&quot;&quot;,&quot;unique_content&quot;:&quot;disable&quot;,&quot;include_post&quot;:&quot;8163,8152,8127,8094,8135,8067&quot;,&quot;exclude_post&quot;:&quot;&quot;,&quot;include_category&quot;:&quot;&quot;,&quot;exclude_category&quot;:&quot;&quot;,&quot;include_author&quot;:&quot;&quot;,&quot;include_tag&quot;:&quot;&quot;,&quot;exclude_tag&quot;:&quot;&quot;,&quot;sort_by&quot;:&quot;oldest&quot;,&quot;pagination_mode&quot;:&quot;disable&quot;,&quot;pagination_loadmore_text&quot;:&quot;Load More&quot;,&quot;pagination_loading_text&quot;:&quot;Loading...&quot;,&quot;pagination_number_post&quot;:{&quot;unit&quot;:&quot;px&quot;,&quot;size&quot;:3,&quot;sizes&quot;:[]},&quot;pagination_scroll_limit&quot;:0,&quot;pagination_icon&quot;:{&quot;value&quot;:&quot;&quot;,&quot;library&quot;:&quot;&quot;},&quot;pagination_icon_position&quot;:&quot;before&quot;,&quot;st_category_position&quot;:&quot;left&quot;,&quot;sg_content_postblock_type&quot;:&quot;type-3&quot;,&quot;sg_content_title_html_tag&quot;:&quot;h4&quot;,&quot;sg_content_category_enable&quot;:&quot;yes&quot;,&quot;sg_content_excerpt_enable&quot;:&quot;yes&quot;,&quot;sg_content_excerpt_length&quot;:{&quot;unit&quot;:&quot;px&quot;,&quot;size&quot;:19,&quot;sizes&quot;:[]},&quot;sg_content_excerpt_more&quot;:&quot;...&quot;,&quot;sg_content_readmore_enable&quot;:&quot;yes&quot;,&quot;sg_content_readmore_icon&quot;:{&quot;value&quot;:&quot;fas fa-arrow-right&quot;,&quot;library&quot;:&quot;fa-solid&quot;},&quot;sg_content_readmore_icon_position&quot;:&quot;after&quot;,&quot;sg_content_readmore_text&quot;:&quot;Read More&quot;,&quot;sg_content_comment_heading&quot;:&quot;&quot;,&quot;sg_content_comment_enable&quot;:&quot;&quot;,&quot;sg_content_comment_icon&quot;:{&quot;value&quot;:&quot;fas fa-comment&quot;,&quot;library&quot;:&quot;fa-solid&quot;},&quot;sg_content_comment_icon_position&quot;:&quot;before&quot;,&quot;sg_content_meta_enable&quot;:&quot;&quot;,&quot;sg_content_meta_author_enable&quot;:&quot;&quot;,&quot;sg_content_meta_author_by_text&quot;:&quot;by&quot;,&quot;sg_content_meta_author_icon&quot;:{&quot;value&quot;:&quot;fas fa-user&quot;,&quot;library&quot;:&quot;fa-solid&quot;},&quot;sg_content_meta_author_icon_position&quot;:&quot;before&quot;,&quot;sg_content_meta_date_enable&quot;:&quot;&quot;,&quot;sg_content_meta_date_type&quot;:&quot;published&quot;,&quot;sg_content_meta_date_format&quot;:&quot;default&quot;,&quot;sg_content_meta_date_format_custom&quot;:&quot;F j, Y&quot;,&quot;sg_content_meta_date_icon&quot;:{&quot;value&quot;:&quot;fas fa-clock&quot;,&quot;library&quot;:&quot;fa-solid&quot;},&quot;sg_content_meta_date_icon_position&quot;:&quot;before&quot;,&quot;sg_content_image_size_imagesize_size&quot;:&quot;full&quot;,&quot;paged&quot;:1,&quot;class&quot;:&quot;jkit_post_block&quot;}\"><div class=\"jkit-block-container\"><div class=\"jkit-posts jkit-ajax-flag\">\n            <article class=\"jkit-post post-8067 page type-page status-publish has-post-thumbnail hentry\">\n                    <div class=\"jkit-thumb\"><a href=\"https:\/\/financial247.co.uk\/ro\/services\/self-employment\/\"><div class=\"thumbnail-container\">\n            <img width=\"1000\" height=\"689\" src=\"https:\/\/financial247.co.uk\/wp-content\/uploads\/2022\/12\/income-tax-return-deduction-refund-concept.jpg\" class=\"attachment-full size-full wp-post-image\" alt=\"\" decoding=\"async\" loading=\"lazy\" srcset=\"https:\/\/financial247.co.uk\/wp-content\/uploads\/2022\/12\/income-tax-return-deduction-refund-concept.jpg 1000w, https:\/\/financial247.co.uk\/wp-content\/uploads\/2022\/12\/income-tax-return-deduction-refund-concept-300x207.jpg 300w, https:\/\/financial247.co.uk\/wp-content\/uploads\/2022\/12\/income-tax-return-deduction-refund-concept-768x529.jpg 768w\" sizes=\"(max-width: 1000px) 100vw, 1000px\" \/>\n        <\/div><\/a><\/div>\n                    <div class=\"jkit-postblock-content\"><h4 class=\"jkit-post-title\">\n\t\t\t\t\t\t\t<a href=\"https:\/\/financial247.co.uk\/ro\/services\/self-employment\/\">Servicii de autoevaluare<\/a>\n\t\t\t\t\t\t<\/h4><div class=\"jkit-post-excerpt\"><p>All-In-One Self-Assessment Solutions One place for all your Self-Assessment needs \u2014 register, set up and file with ease.Un singur...<\/p><\/div><div class=\"jkit-post-meta-bottom\">\n\t\t\t\t\t\t\t<div class=\"jkit-meta-readmore icon-position-after\">\n                <a href=\"https:\/\/financial247.co.uk\/ro\/services\/self-employment\/\" class=\"jkit-readmore\">Cite\u0219te mai mult<i aria-hidden=\"true\" class=\"fas fa-arrow-right\"><\/i><\/a>\n            <\/div>\n\t\t\t\t\t\t<\/div><\/div>\n                <\/article><article class=\"jkit-post post-8094 page type-page status-publish has-post-thumbnail hentry\">\n                    <div class=\"jkit-thumb\"><a href=\"https:\/\/financial247.co.uk\/ro\/services\/limited-companies\/\"><div class=\"thumbnail-container\">\n            <img width=\"1000\" height=\"667\" src=\"https:\/\/financial247.co.uk\/wp-content\/uploads\/2022\/12\/group-happy-young-business-people-celebrating-success.jpg\" class=\"attachment-full size-full wp-post-image\" alt=\"\" decoding=\"async\" loading=\"lazy\" srcset=\"https:\/\/financial247.co.uk\/wp-content\/uploads\/2022\/12\/group-happy-young-business-people-celebrating-success.jpg 1000w, https:\/\/financial247.co.uk\/wp-content\/uploads\/2022\/12\/group-happy-young-business-people-celebrating-success-300x200.jpg 300w, https:\/\/financial247.co.uk\/wp-content\/uploads\/2022\/12\/group-happy-young-business-people-celebrating-success-768x512.jpg 768w\" sizes=\"(max-width: 1000px) 100vw, 1000px\" \/>\n        <\/div><\/a><\/div>\n                    <div class=\"jkit-postblock-content\"><h4 class=\"jkit-post-title\">\n\t\t\t\t\t\t\t<a href=\"https:\/\/financial247.co.uk\/ro\/services\/limited-companies\/\">Companii LTD<\/a>\n\t\t\t\t\t\t<\/h4><div class=\"jkit-post-excerpt\"><p>Contabilitate pentru societ\u0103\u021bile cu r\u0103spundere limitat\u0103 \u0218tim cum este s\u0103 conduci o afacere, a\u0219a c\u0103 am creat cea mai bun\u0103...<\/p><\/div><div class=\"jkit-post-meta-bottom\">\n\t\t\t\t\t\t\t<div class=\"jkit-meta-readmore icon-position-after\">\n                <a href=\"https:\/\/financial247.co.uk\/ro\/services\/limited-companies\/\" class=\"jkit-readmore\">Cite\u0219te mai mult<i aria-hidden=\"true\" class=\"fas fa-arrow-right\"><\/i><\/a>\n            <\/div>\n\t\t\t\t\t\t<\/div><\/div>\n                <\/article><article class=\"jkit-post post-8127 page type-page status-publish has-post-thumbnail hentry\">\n                    <div class=\"jkit-thumb\"><a href=\"https:\/\/financial247.co.uk\/ro\/services\/insurance\/\"><div class=\"thumbnail-container\">\n            <img width=\"1000\" height=\"667\" src=\"https:\/\/financial247.co.uk\/wp-content\/uploads\/2022\/12\/insurance-policy-agreement-terms-document-concept.jpg\" class=\"attachment-full size-full wp-post-image\" alt=\"\" decoding=\"async\" loading=\"lazy\" srcset=\"https:\/\/financial247.co.uk\/wp-content\/uploads\/2022\/12\/insurance-policy-agreement-terms-document-concept.jpg 1000w, https:\/\/financial247.co.uk\/wp-content\/uploads\/2022\/12\/insurance-policy-agreement-terms-document-concept-300x200.jpg 300w, https:\/\/financial247.co.uk\/wp-content\/uploads\/2022\/12\/insurance-policy-agreement-terms-document-concept-768x512.jpg 768w\" sizes=\"(max-width: 1000px) 100vw, 1000px\" \/>\n        <\/div><\/a><\/div>\n                    <div class=\"jkit-postblock-content\"><h4 class=\"jkit-post-title\">\n\t\t\t\t\t\t\t<a href=\"https:\/\/financial247.co.uk\/ro\/services\/insurance\/\">Asigur\u0103ri<\/a>\n\t\t\t\t\t\t<\/h4><div class=\"jkit-post-excerpt\"><p>Get a Fair Car Insurance Quote Today Compare trusted UK car insurers and get your personalised quote \u2014 fast,...<\/p><\/div><div class=\"jkit-post-meta-bottom\">\n\t\t\t\t\t\t\t<div class=\"jkit-meta-readmore icon-position-after\">\n                <a href=\"https:\/\/financial247.co.uk\/ro\/services\/insurance\/\" class=\"jkit-readmore\">Cite\u0219te mai mult<i aria-hidden=\"true\" class=\"fas fa-arrow-right\"><\/i><\/a>\n            <\/div>\n\t\t\t\t\t\t<\/div><\/div>\n                <\/article><article class=\"jkit-post post-8135 page type-page status-publish has-post-thumbnail hentry\">\n                    <div class=\"jkit-thumb\"><a href=\"https:\/\/financial247.co.uk\/ro\/services\/mortgages\/\"><div class=\"thumbnail-container\">\n            <img width=\"1000\" height=\"667\" src=\"https:\/\/financial247.co.uk\/wp-content\/uploads\/2022\/12\/man-giving-some-keys-woman.jpg\" class=\"attachment-full size-full wp-post-image\" alt=\"\" decoding=\"async\" loading=\"lazy\" srcset=\"https:\/\/financial247.co.uk\/wp-content\/uploads\/2022\/12\/man-giving-some-keys-woman.jpg 1000w, https:\/\/financial247.co.uk\/wp-content\/uploads\/2022\/12\/man-giving-some-keys-woman-300x200.jpg 300w, https:\/\/financial247.co.uk\/wp-content\/uploads\/2022\/12\/man-giving-some-keys-woman-768x512.jpg 768w\" sizes=\"(max-width: 1000px) 100vw, 1000px\" \/>\n        <\/div><\/a><\/div>\n                    <div class=\"jkit-postblock-content\"><h4 class=\"jkit-post-title\">\n\t\t\t\t\t\t\t<a href=\"https:\/\/financial247.co.uk\/ro\/services\/mortgages\/\">Mortgages (Credite ipotecare)<\/a>\n\t\t\t\t\t\t<\/h4><div class=\"jkit-post-excerpt\"><p>Get paired with a Mortgage Broker in seconds Your dream home deserves the right numbers \u2014 and the right...<\/p><\/div><div class=\"jkit-post-meta-bottom\">\n\t\t\t\t\t\t\t<div class=\"jkit-meta-readmore icon-position-after\">\n                <a href=\"https:\/\/financial247.co.uk\/ro\/services\/mortgages\/\" class=\"jkit-readmore\">Cite\u0219te mai mult<i aria-hidden=\"true\" class=\"fas fa-arrow-right\"><\/i><\/a>\n            <\/div>\n\t\t\t\t\t\t<\/div><\/div>\n                <\/article><article class=\"jkit-post post-8152 page type-page status-publish has-post-thumbnail hentry\">\n                    <div class=\"jkit-thumb\"><a href=\"https:\/\/financial247.co.uk\/ro\/services\/financial-support\/\"><div class=\"thumbnail-container\">\n            <img width=\"1000\" height=\"563\" src=\"https:\/\/financial247.co.uk\/wp-content\/uploads\/2022\/12\/stress-asian-couple-man-woman-use-calculator-calculate-family-budget.jpg\" class=\"attachment-full size-full wp-post-image\" alt=\"\" decoding=\"async\" loading=\"lazy\" srcset=\"https:\/\/financial247.co.uk\/wp-content\/uploads\/2022\/12\/stress-asian-couple-man-woman-use-calculator-calculate-family-budget.jpg 1000w, https:\/\/financial247.co.uk\/wp-content\/uploads\/2022\/12\/stress-asian-couple-man-woman-use-calculator-calculate-family-budget-300x169.jpg 300w, https:\/\/financial247.co.uk\/wp-content\/uploads\/2022\/12\/stress-asian-couple-man-woman-use-calculator-calculate-family-budget-768x432.jpg 768w\" sizes=\"(max-width: 1000px) 100vw, 1000px\" \/>\n        <\/div><\/a><\/div>\n                    <div class=\"jkit-postblock-content\"><h4 class=\"jkit-post-title\">\n\t\t\t\t\t\t\t<a href=\"https:\/\/financial247.co.uk\/ro\/services\/financial-support\/\">Suport financiar<\/a>\n\t\t\t\t\t\t<\/h4><div class=\"jkit-post-excerpt\"><p>Financial Support Stop guessing. Apply for financial support the right way.We help individuals, families, and businesses with benefit and...<\/p><\/div><div class=\"jkit-post-meta-bottom\">\n\t\t\t\t\t\t\t<div class=\"jkit-meta-readmore icon-position-after\">\n                <a href=\"https:\/\/financial247.co.uk\/ro\/services\/financial-support\/\" class=\"jkit-readmore\">Cite\u0219te mai mult<i aria-hidden=\"true\" class=\"fas fa-arrow-right\"><\/i><\/a>\n            <\/div>\n\t\t\t\t\t\t<\/div><\/div>\n                <\/article><article class=\"jkit-post post-8163 page type-page status-publish has-post-thumbnail hentry\">\n                    <div class=\"jkit-thumb\"><a href=\"https:\/\/financial247.co.uk\/ro\/services\/consulting\/\"><div class=\"thumbnail-container\">\n            <img width=\"1000\" height=\"667\" src=\"https:\/\/financial247.co.uk\/wp-content\/uploads\/2022\/12\/businessman-showing-changes-report.jpg\" class=\"attachment-full size-full wp-post-image\" alt=\"\" decoding=\"async\" loading=\"lazy\" srcset=\"https:\/\/financial247.co.uk\/wp-content\/uploads\/2022\/12\/businessman-showing-changes-report.jpg 1000w, https:\/\/financial247.co.uk\/wp-content\/uploads\/2022\/12\/businessman-showing-changes-report-300x200.jpg 300w, https:\/\/financial247.co.uk\/wp-content\/uploads\/2022\/12\/businessman-showing-changes-report-768x512.jpg 768w\" sizes=\"(max-width: 1000px) 100vw, 1000px\" \/>\n        <\/div><\/a><\/div>\n                    <div class=\"jkit-postblock-content\"><h4 class=\"jkit-post-title\">\n\t\t\t\t\t\t\t<a href=\"https:\/\/financial247.co.uk\/ro\/services\/consulting\/\">Consultan\u021b\u0103 \u00een afaceri<\/a>\n\t\t\t\t\t\t<\/h4><div class=\"jkit-post-excerpt\"><p>Consultan\u021b\u0103 \u00een afaceri Greutatea de a de\u021bine o afacere de succes este mare.Lua\u021bi decizia corect\u0103 la momentul potrivit cu...<\/p><\/div><div class=\"jkit-post-meta-bottom\">\n\t\t\t\t\t\t\t<div class=\"jkit-meta-readmore icon-position-after\">\n                <a href=\"https:\/\/financial247.co.uk\/ro\/services\/consulting\/\" class=\"jkit-readmore\">Cite\u0219te mai mult<i aria-hidden=\"true\" class=\"fas fa-arrow-right\"><\/i><\/a>\n            <\/div>\n\t\t\t\t\t\t<\/div><\/div>\n                <\/article>\n        <\/div><\/div><\/div>\t\t<\/div>\n\t\t\t\t<\/div>\n\t\t\t\t\t<\/div>\n\t\t<\/div>\n\t\t\t\t\t\t\t<\/div>\n\t\t<\/section>\n\t\t\t\t\t\t\t<\/div>","protected":false},"excerpt":{"rendered":"<p>Serviciile noastre Explora\u021bi \u00eentreaga noastr\u0103 gam\u0103 de servicii. edit post Autoevaluare Autoevaluare Declara\u021bii fiscale Lorem ipsum dolor sit amet, consectetur adipiscing elit. Ut elit tellus, luctus nec ullamcorper mattis, pulvinar... Cite\u0219te mai mult edit post Societ\u0103\u021bi cu r\u0103spundere limitat\u0103 Contabilitate pentru societ\u0103\u021bi cu r\u0103spundere limitat\u0103 Whatsapp Us Book Free Consultation Call Us Your own dedicated account manager &amp; accountant Certified... [...]<\/p>","protected":false},"author":1,"featured_media":0,"parent":0,"menu_order":0,"comment_status":"closed","ping_status":"closed","template":"elementor_header_footer","meta":[],"yoast_head":"<!-- This site is optimized with the Yoast SEO plugin v20.7 - https:\/\/yoast.com\/wordpress\/plugins\/seo\/ -->\n<title>Services - Financial247.co.uk<\/title>\n<meta name=\"robots\" content=\"index, follow, max-snippet:-1, max-image-preview:large, max-video-preview:-1\" \/>\n<link rel=\"canonical\" href=\"https:\/\/financial247.co.uk\/ro\/services\/\" \/>\n<meta property=\"og:locale\" content=\"ro_RO\" \/>\n<meta property=\"og:type\" content=\"article\" \/>\n<meta property=\"og:title\" content=\"Services - Financial247.co.uk\" \/>\n<meta property=\"og:description\" content=\"Our Services Explore our entire range of services. edit post Self-Assessment Self-Assessment Tax Returns Lorem ipsum dolor sit amet, consectetur adipiscing elit. Ut elit tellus, luctus nec ullamcorper mattis, pulvinar&#8230; Read More edit post Limited Companies Accounting for Limited Companies Whatsapp Us Book Free Consultation Call Us Your own dedicated account manager &amp; accountant Certified&#8230; [&hellip;]\" \/>\n<meta property=\"og:url\" content=\"https:\/\/financial247.co.uk\/ro\/services\/\" \/>\n<meta property=\"og:site_name\" content=\"Financial247.co.uk\" \/>\n<meta property=\"article:publisher\" content=\"https:\/\/www.facebook.com\/247financeadvice\" \/>\n<meta property=\"article:modified_time\" content=\"2022-12-15T17:28:43+00:00\" \/>\n<meta property=\"og:image\" content=\"https:\/\/financial247.co.uk\/wp-content\/uploads\/2022\/12\/income-tax-return-deduction-refund-concept.jpg\" \/>\n<meta name=\"twitter:card\" content=\"summary_large_image\" \/>\n<meta name=\"twitter:label1\" content=\"Timp estimat pentru citire\" \/>\n\t<meta name=\"twitter:data1\" content=\"2 minute\" \/>\n<script type=\"application\/ld+json\" class=\"yoast-schema-graph\">{\"@context\":\"https:\/\/schema.org\",\"@graph\":[{\"@type\":\"WebPage\",\"@id\":\"https:\/\/financial247.co.uk\/services\/\",\"url\":\"https:\/\/financial247.co.uk\/services\/\",\"name\":\"Services - Financial247.co.uk\",\"isPartOf\":{\"@id\":\"https:\/\/financial247.co.uk\/#website\"},\"datePublished\":\"2022-12-10T21:39:46+00:00\",\"dateModified\":\"2022-12-15T17:28:43+00:00\",\"breadcrumb\":{\"@id\":\"https:\/\/financial247.co.uk\/services\/#breadcrumb\"},\"inLanguage\":\"ro-RO\",\"potentialAction\":[{\"@type\":\"ReadAction\",\"target\":[\"https:\/\/financial247.co.uk\/services\/\"]}]},{\"@type\":\"BreadcrumbList\",\"@id\":\"https:\/\/financial247.co.uk\/services\/#breadcrumb\",\"itemListElement\":[{\"@type\":\"ListItem\",\"position\":1,\"name\":\"Home\",\"item\":\"https:\/\/financial247.co.uk\/\"},{\"@type\":\"ListItem\",\"position\":2,\"name\":\"Services\"}]},{\"@type\":\"WebSite\",\"@id\":\"https:\/\/financial247.co.uk\/#website\",\"url\":\"https:\/\/financial247.co.uk\/\",\"name\":\"Financial247.co.uk\",\"description\":\"Your Virtual Finance, Tax and Advisory Services\",\"publisher\":{\"@id\":\"https:\/\/financial247.co.uk\/#organization\"},\"potentialAction\":[{\"@type\":\"SearchAction\",\"target\":{\"@type\":\"EntryPoint\",\"urlTemplate\":\"https:\/\/financial247.co.uk\/?s={search_term_string}\"},\"query-input\":\"required name=search_term_string\"}],\"inLanguage\":\"ro-RO\"},{\"@type\":\"Organization\",\"@id\":\"https:\/\/financial247.co.uk\/#organization\",\"name\":\"Financial247.co.uk\",\"url\":\"https:\/\/financial247.co.uk\/\",\"logo\":{\"@type\":\"ImageObject\",\"inLanguage\":\"ro-RO\",\"@id\":\"https:\/\/financial247.co.uk\/#\/schema\/logo\/image\/\",\"url\":\"https:\/\/financial247.co.uk\/wp-content\/uploads\/2022\/12\/financial247-logo-cropped.png\",\"contentUrl\":\"https:\/\/financial247.co.uk\/wp-content\/uploads\/2022\/12\/financial247-logo-cropped.png\",\"width\":959,\"height\":355,\"caption\":\"Financial247.co.uk\"},\"image\":{\"@id\":\"https:\/\/financial247.co.uk\/#\/schema\/logo\/image\/\"},\"sameAs\":[\"https:\/\/www.facebook.com\/247financeadvice\",\"https:\/\/www.instagram.com\/247financeadvice\/\",\"https:\/\/www.youtube.com\/channel\/UCb-CNttyOIE7mVynpQ2QO3A\"]}]}<\/script>\n<!-- \/ Yoast SEO plugin. -->","yoast_head_json":{"title":"Services - Financial247.co.uk","robots":{"index":"index","follow":"follow","max-snippet":"max-snippet:-1","max-image-preview":"max-image-preview:large","max-video-preview":"max-video-preview:-1"},"canonical":"https:\/\/financial247.co.uk\/ro\/services\/","og_locale":"ro_RO","og_type":"article","og_title":"Services - Financial247.co.uk","og_description":"Our Services Explore our entire range of services. edit post Self-Assessment Self-Assessment Tax Returns Lorem ipsum dolor sit amet, consectetur adipiscing elit. Ut elit tellus, luctus nec ullamcorper mattis, pulvinar&#8230; Read More edit post Limited Companies Accounting for Limited Companies Whatsapp Us Book Free Consultation Call Us Your own dedicated account manager &amp; accountant Certified&#8230; [&hellip;]","og_url":"https:\/\/financial247.co.uk\/ro\/services\/","og_site_name":"Financial247.co.uk","article_publisher":"https:\/\/www.facebook.com\/247financeadvice","article_modified_time":"2022-12-15T17:28:43+00:00","og_image":[{"url":"https:\/\/financial247.co.uk\/wp-content\/uploads\/2022\/12\/income-tax-return-deduction-refund-concept.jpg"}],"twitter_card":"summary_large_image","twitter_misc":{"Timp estimat pentru citire":"2 minute"},"schema":{"@context":"https:\/\/schema.org","@graph":[{"@type":"WebPage","@id":"https:\/\/financial247.co.uk\/services\/","url":"https:\/\/financial247.co.uk\/services\/","name":"Services - Financial247.co.uk","isPartOf":{"@id":"https:\/\/financial247.co.uk\/#website"},"datePublished":"2022-12-10T21:39:46+00:00","dateModified":"2022-12-15T17:28:43+00:00","breadcrumb":{"@id":"https:\/\/financial247.co.uk\/services\/#breadcrumb"},"inLanguage":"ro-RO","potentialAction":[{"@type":"ReadAction","target":["https:\/\/financial247.co.uk\/services\/"]}]},{"@type":"BreadcrumbList","@id":"https:\/\/financial247.co.uk\/services\/#breadcrumb","itemListElement":[{"@type":"ListItem","position":1,"name":"Home","item":"https:\/\/financial247.co.uk\/"},{"@type":"ListItem","position":2,"name":"Services"}]},{"@type":"WebSite","@id":"https:\/\/financial247.co.uk\/#website","url":"https:\/\/financial247.co.uk\/","name":"Financial247.co.uk","description":"Your Virtual Finance, Tax and Advisory Services","publisher":{"@id":"https:\/\/financial247.co.uk\/#organization"},"potentialAction":[{"@type":"SearchAction","target":{"@type":"EntryPoint","urlTemplate":"https:\/\/financial247.co.uk\/?s={search_term_string}"},"query-input":"required name=search_term_string"}],"inLanguage":"ro-RO"},{"@type":"Organization","@id":"https:\/\/financial247.co.uk\/#organization","name":"Financial247.co.uk","url":"https:\/\/financial247.co.uk\/","logo":{"@type":"ImageObject","inLanguage":"ro-RO","@id":"https:\/\/financial247.co.uk\/#\/schema\/logo\/image\/","url":"https:\/\/financial247.co.uk\/wp-content\/uploads\/2022\/12\/financial247-logo-cropped.png","contentUrl":"https:\/\/financial247.co.uk\/wp-content\/uploads\/2022\/12\/financial247-logo-cropped.png","width":959,"height":355,"caption":"Financial247.co.uk"},"image":{"@id":"https:\/\/financial247.co.uk\/#\/schema\/logo\/image\/"},"sameAs":["https:\/\/www.facebook.com\/247financeadvice","https:\/\/www.instagram.com\/247financeadvice\/","https:\/\/www.youtube.com\/channel\/UCb-CNttyOIE7mVynpQ2QO3A"]}]}},"_links":{"self":[{"href":"https:\/\/financial247.co.uk\/ro\/wp-json\/wp\/v2\/pages\/8165"}],"collection":[{"href":"https:\/\/financial247.co.uk\/ro\/wp-json\/wp\/v2\/pages"}],"about":[{"href":"https:\/\/financial247.co.uk\/ro\/wp-json\/wp\/v2\/types\/page"}],"author":[{"embeddable":true,"href":"https:\/\/financial247.co.uk\/ro\/wp-json\/wp\/v2\/users\/1"}],"replies":[{"embeddable":true,"href":"https:\/\/financial247.co.uk\/ro\/wp-json\/wp\/v2\/comments?post=8165"}],"version-history":[{"count":19,"href":"https:\/\/financial247.co.uk\/ro\/wp-json\/wp\/v2\/pages\/8165\/revisions"}],"predecessor-version":[{"id":8600,"href":"https:\/\/financial247.co.uk\/ro\/wp-json\/wp\/v2\/pages\/8165\/revisions\/8600"}],"wp:attachment":[{"href":"https:\/\/financial247.co.uk\/ro\/wp-json\/wp\/v2\/media?parent=8165"}],"curies":[{"name":"wp","href":"https:\/\/api.w.org\/{rel}","templated":true}]}}